{"id":33,"date":"2025-02-12T17:59:44","date_gmt":"2025-02-12T17:59:44","guid":{"rendered":"https:\/\/trasselhelga.se\/?page_id=33"},"modified":"2025-06-13T16:48:08","modified_gmt":"2025-06-13T16:48:08","slug":"kontakt","status":"publish","type":"page","link":"https:\/\/trasselhelga.se\/index.php\/kontakt\/","title":{"rendered":"Om"},"content":{"rendered":"\n<h2 class=\"wp-block-heading\"><\/h2>\n\n\n\n<div class=\"wp-block-group alignwide\"><div class=\"wp-block-group__inner-container is-layout-constrained wp-block-group-is-layout-constrained\">\n<p class=\"has-text-align-center has-accent-color has-text-color has-link-color has-small-font-size wp-elements-6269b010d67e20ecdd86af90d38eb85b\" style=\"font-style:normal;font-weight:600;text-transform:uppercase\"><\/p>\n\n\n\n<div style=\"height:64px\" aria-hidden=\"true\" class=\"wp-block-spacer\"><\/div>\n\n\n\n<div class=\"wp-block-group has-background-color-background-color has-background\" style=\"border-radius:8px;padding-top:32px;padding-right:32px;padding-bottom:32px;padding-left:32px\"><div class=\"wp-block-group__inner-container is-layout-constrained wp-container-core-group-is-layout-22887a5d wp-block-group-is-layout-constrained\">\n<div class=\"wp-block-columns is-layout-flex wp-container-core-columns-is-layout-3da6863c wp-block-columns-is-layout-flex\">\n<div class=\"wp-block-column is-layout-flow wp-block-column-is-layout-flow\" style=\"flex-basis:33.33%\">\n<div class=\"wp-block-group\" style=\"margin-top:-64px\"><div class=\"wp-block-group__inner-container is-layout-constrained wp-block-group-is-layout-constrained\">\n<figure class=\"wp-block-gallery has-nested-images columns-default is-cropped wp-block-gallery-1 is-layout-flex wp-block-gallery-is-layout-flex\">\n<figure class=\"wp-block-image size-full has-custom-border\"><img loading=\"lazy\" decoding=\"async\" width=\"1536\" height=\"2048\" data-id=\"90\" src=\"https:\/\/trasselhelga.se\/wp-content\/uploads\/2025\/02\/IMG_6794.jpeg\" alt=\"\" class=\"wp-image-90\" style=\"border-radius:8px;aspect-ratio:3\/4;object-fit:cover\" srcset=\"https:\/\/trasselhelga.se\/wp-content\/uploads\/2025\/02\/IMG_6794.jpeg 1536w, https:\/\/trasselhelga.se\/wp-content\/uploads\/2025\/02\/IMG_6794-225x300.jpeg 225w, https:\/\/trasselhelga.se\/wp-content\/uploads\/2025\/02\/IMG_6794-768x1024.jpeg 768w, https:\/\/trasselhelga.se\/wp-content\/uploads\/2025\/02\/IMG_6794-1152x1536.jpeg 1152w\" sizes=\"auto, (max-width: 1536px) 100vw, 1536px\" \/><\/figure>\n<\/figure>\n<\/div><\/div>\n<\/div>\n\n\n\n<div class=\"wp-block-column is-vertically-aligned-center is-layout-flow wp-block-column-is-layout-flow\" style=\"flex-basis:66.66%\">\n<h2 class=\"wp-block-heading\">Helga Ehinger<\/h2>\n\n\n\n<p class=\"has-small-font-size\" style=\"font-style:normal;font-weight:600;text-transform:uppercase\">textilhantverkare, textilkonstn\u00e4r, v\u00e4vare, brod\u00f6s<\/p>\n\n\n\n<p><\/p>\n\n\n\n<p>Jag heter Helga Ehinger. Jag \u00e4r textilkonstn\u00e4r.<br>Jag arbetar i flera olika tekniker och material, med ett s\u00e4rskilt fokus p\u00e5 konsts\u00f6mnad och v\u00e4vning. Ut\u00f6ver det tycker jag om att experimentera med stickning, virkning, s\u00f6mnad och spinning. Jag f\u00f6redrar att arbeta med naturmaterial som lin, ull och bomull, vilket speglar mitt engagemang f\u00f6r h\u00e5llbarhet och kvalitet i mitt skapande.<\/p>\n\n\n\n<p>Min bakgrund som textilkonstn\u00e4r \u00e4r starkt f\u00f6rankrad i utbildning och kunskap. Jag har 15 h\u00f6gskolepo\u00e4ng i textilhistoria, vilket har gett mig en djup f\u00f6rst\u00e5else f\u00f6r textilens utveckling genom tiderna. Dessutom har jag g\u00e5tt en tre\u00e5rig utbildning i textilt hantverk p\u00e5 Handarbetets V\u00e4nner Skola, d\u00e4r jag fick utveckla b\u00e5de tekniska f\u00e4rdigheter och ett konstn\u00e4rligt uttryck.<\/p>\n\n\n\n<p>Ett f\u00f6rsta intryck av mina verk \u00e4r ofta den starka rosa f\u00e4rgen.<br>F\u00e4rgen rosa \u00e4r en central del av mitt konstn\u00e4rskap \u2013 den symboliserar b\u00e5de gl\u00e4dje och lugn f\u00f6r mig. Mina verk kan vid f\u00f6rsta anblicken upplevas som gulliga eller &#8221;flickiga&#8221;, men vid en n\u00e4rmare titt framtr\u00e4der flera lager. Bakom det romantiska och lekfulla finns en tydlig tanke, med omsorgsfullt utf\u00f6rande och en kaxig twist som utmanar konventioner.<\/p>\n\n\n\n<p>Min skapandeprocess \u00e4r b\u00e5de intuitiv och m\u00e5lmedveten.<br>Inspirationen f\u00e5r v\u00e4xa fram i det tysta tills en detaljerad plan tar form. N\u00e4r jag v\u00e4l b\u00f6rjar arbeta h\u00e5ller jag mig oftast till min ursprungliga id\u00e9. Jag arbetar b\u00e4st n\u00e4r jag har en lugn arbetsmilj\u00f6, men samtidigt en tydlig deadline som driver processen fram\u00e5t.<br>Historiska epoker, traditionella hantverk och \u00e4ldre tiders kl\u00e4dkultur fascinerar mig och influerar mitt arbete. Samtidigt dras jag till fantasy-genren och det mystiska, d\u00e4r det vackra och storslagna f\u00e5r mig att skapa. Jag tar det gamla, anpassar det till samtiden och g\u00f6r det till mitt eget \u2013 ofta med rosa som signatur<br>Jag inspireras av det f\u00f6rflutna och det \u00f6vernaturliga.<\/p>\n<\/div>\n<\/div>\n<\/div><\/div>\n<\/div><\/div>\n\n\n\n<p><\/p>\n","protected":false},"excerpt":{"rendered":"<p>Helga Ehinger textilhantverkare, textilkonstn\u00e4r, v\u00e4vare, brod\u00f6s Jag heter Helga Ehinger. Jag \u00e4r textilkonstn\u00e4r.Jag [&hellip;]<\/p>\n","protected":false},"author":1,"featured_media":0,"parent":0,"menu_order":0,"comment_status":"closed","ping_status":"closed","template":"page-templates\/full-width-page.php","meta":{"footnotes":""},"class_list":["post-33","page","type-page","status-publish","hentry"],"_links":{"self":[{"href":"https:\/\/trasselhelga.se\/index.php\/wp-json\/wp\/v2\/pages\/33","targetHints":{"allow":["GET"]}}],"collection":[{"href":"https:\/\/trasselhelga.se\/index.php\/wp-json\/wp\/v2\/pages"}],"about":[{"href":"https:\/\/trasselhelga.se\/index.php\/wp-json\/wp\/v2\/types\/page"}],"author":[{"embeddable":true,"href":"https:\/\/trasselhelga.se\/index.php\/wp-json\/wp\/v2\/users\/1"}],"replies":[{"embeddable":true,"href":"https:\/\/trasselhelga.se\/index.php\/wp-json\/wp\/v2\/comments?post=33"}],"version-history":[{"count":14,"href":"https:\/\/trasselhelga.se\/index.php\/wp-json\/wp\/v2\/pages\/33\/revisions"}],"predecessor-version":[{"id":343,"href":"https:\/\/trasselhelga.se\/index.php\/wp-json\/wp\/v2\/pages\/33\/revisions\/343"}],"wp:attachment":[{"href":"https:\/\/trasselhelga.se\/index.php\/wp-json\/wp\/v2\/media?parent=33"}],"curies":[{"name":"wp","href":"https:\/\/api.w.org\/{rel}","templated":true}]}}