{"id":68,"date":"2025-02-16T09:17:50","date_gmt":"2025-02-16T09:17:50","guid":{"rendered":"https:\/\/trasselhelga.se\/?page_id=68"},"modified":"2025-06-26T13:33:37","modified_gmt":"2025-06-26T13:33:37","slug":"cv","status":"publish","type":"page","link":"https:\/\/trasselhelga.se\/index.php\/cv\/","title":{"rendered":"CV"},"content":{"rendered":"<div data-colibri-id=\"68-c1\" class=\"style-379 style-local-68-c1 position-relative\">\n  <!---->\n  <div data-colibri-component=\"section\" data-colibri-id=\"68-c2\" id=\"custom\" class=\"h-section h-section-global-spacing d-flex align-items-lg-center align-items-md-center align-items-center style-384 style-local-68-c2 position-relative\">\n    <!---->\n    <!---->\n    <div class=\"h-section-grid-container h-section-boxed-container\">\n      <!---->\n      <div data-colibri-id=\"68-c3\" class=\"h-row-container gutters-row-lg-2 gutters-row-md-2 gutters-row-0 gutters-row-v-lg-2 gutters-row-v-md-2 gutters-row-v-2 style-385 style-local-68-c3 position-relative\">\n        <!---->\n        <div class=\"h-row justify-content-lg-center justify-content-md-center justify-content-center align-items-lg-stretch align-items-md-stretch align-items-stretch gutters-col-lg-2 gutters-col-md-2 gutters-col-0 gutters-col-v-lg-2 gutters-col-v-md-2 gutters-col-v-2\">\n          <!---->\n          <div class=\"h-column h-column-container d-flex h-col-lg-auto h-col-md-auto h-col-auto style-386-outer style-local-68-c4-outer\">\n            <div data-colibri-id=\"68-c4\" class=\"d-flex h-flex-basis h-column__inner h-px-lg-2 h-px-md-2 h-px-2 v-inner-lg-2 v-inner-md-2 v-inner-2 style-386 style-local-68-c4 position-relative\">\n              <!---->\n              <!---->\n              <div class=\"w-100 h-y-container h-column__content h-column__v-align flex-basis-100 align-self-lg-start align-self-md-start align-self-start\">\n                <!---->\n                <div data-colibri-id=\"68-c5\" class=\"d-block style-388 style-local-68-c5 position-relative h-element\">\n                  <!---->\n                  <div class=\"h-image__frame-container-outer\">\n                    <div class=\"h-image__frame-container\">\n                      <!---->\n                      <!---->\n                      <img loading=\"lazy\" decoding=\"async\" width=\"2401\" height=\"2416\" src=\"https:\/\/trasselhelga.se\/wp-content\/uploads\/2025\/02\/IMG_3294.jpg\" class=\"wp-image-81 style-388-image style-local-68-c5-image\" alt=\"\" srcset=\"https:\/\/trasselhelga.se\/wp-content\/uploads\/2025\/02\/IMG_3294.jpg 2401w, https:\/\/trasselhelga.se\/wp-content\/uploads\/2025\/02\/IMG_3294-298x300.jpg 298w, https:\/\/trasselhelga.se\/wp-content\/uploads\/2025\/02\/IMG_3294-1018x1024.jpg 1018w, https:\/\/trasselhelga.se\/wp-content\/uploads\/2025\/02\/IMG_3294-150x150.jpg 150w, https:\/\/trasselhelga.se\/wp-content\/uploads\/2025\/02\/IMG_3294-768x773.jpg 768w, https:\/\/trasselhelga.se\/wp-content\/uploads\/2025\/02\/IMG_3294-1526x1536.jpg 1526w, https:\/\/trasselhelga.se\/wp-content\/uploads\/2025\/02\/IMG_3294-2035x2048.jpg 2035w\" sizes=\"auto, (max-width: 2401px) 100vw, 2401px\" \/>\n                      <div class=\"h-image__frame h-hide-lg h-hide-md h-hide-sm style-388-frameImage style-local-68-c5-frameImage\"><\/div>\n                    <\/div>\n                  <\/div>\n                <\/div>\n              <\/div>\n            <\/div>\n          <\/div>\n          <div class=\"h-column h-column-container d-flex h-col-lg-auto h-col-md-auto h-col-auto style-387-outer style-local-68-c6-outer\">\n            <div data-colibri-id=\"68-c6\" class=\"d-flex h-flex-basis h-column__inner h-px-lg-2 h-px-md-2 h-px-2 v-inner-lg-2 v-inner-md-2 v-inner-2 style-387 style-local-68-c6 position-relative\">\n              <!---->\n              <!---->\n              <div class=\"w-100 h-y-container h-column__content h-column__v-align flex-basis-100 align-self-lg-start align-self-md-start align-self-start\">\n                <!---->\n                <div data-colibri-id=\"68-c7\" class=\"h-global-transition-all h-heading style-389 style-local-68-c7 position-relative h-element\">\n                  <!---->\n                  <div class=\"h-heading__outer style-389 style-local-68-c7\">\n                    <!---->\n                    <!---->\n                    <h3 class=\"\">Grupputst\u00e4llningar<\/h3>\n                  <\/div>\n                <\/div>\n                <div data-colibri-id=\"68-c8\" class=\"h-text h-text-component style-390 style-local-68-c8 position-relative h-element\">\n                  <!---->\n                  <!---->\n                  <div class=\"\">\n                    <p>2023, Meter med mera, HV galleri\n                      <br>2023, Handarbetets v\u00e4nner x Taverna Brillo, Taverna brillo\n                      <br>2023, Multiversum, Studio K-18\n                      <br>2024, Hyende, mumrik, puff, p\u00f6l, plim\u00e5, p\u00e5 Sergels torg, Stockholm craft week\n                      <br>2024, \u00c4kta mattor, Restaurang Bl\u00e5 porten\n                      <br>2025, Knytpunkter, HV galleri<\/p>\n                  <\/div>\n                <\/div>\n                <div data-colibri-id=\"68-c9\" class=\"h-global-transition-all h-heading style-391 style-local-68-c9 position-relative h-element\">\n                  <!---->\n                  <div class=\"h-heading__outer style-391 style-local-68-c9\">\n                    <!---->\n                    <!---->\n                    <h3 class=\"\">Soloutst\u00e4llningar<\/h3>\n                  <\/div>\n                <\/div>\n                <div data-colibri-id=\"68-c10\" class=\"h-text h-text-component style-392 style-local-68-c10 position-relative h-element\">\n                  <!---->\n                  <!---->\n                  <div class=\"\">\n                    <p>2025, Mjukhet, Lilla K, Norrt\u00e4lje bibliotek\n                      <br>2025, Grisslehamns Konstrunda<\/p>\n                  <\/div>\n                <\/div>\n              <\/div>\n            <\/div>\n          <\/div>\n        <\/div>\n      <\/div>\n    <\/div>\n  <\/div>\n  <div data-colibri-component=\"section\" data-colibri-id=\"68-c11\" id=\"custom-2\" class=\"h-section h-section-global-spacing d-flex align-items-lg-center align-items-md-center align-items-center style-393 style-local-68-c11 position-relative\">\n    <!---->\n    <!---->\n    <div class=\"h-section-grid-container h-section-boxed-container\">\n      <!---->\n      <div data-colibri-id=\"68-c12\" class=\"h-row-container gutters-row-lg-2 gutters-row-md-2 gutters-row-0 gutters-row-v-lg-2 gutters-row-v-md-2 gutters-row-v-2 style-394 style-local-68-c12 position-relative\">\n        <!---->\n        <div class=\"h-row justify-content-lg-center justify-content-md-center justify-content-center align-items-lg-stretch align-items-md-stretch align-items-stretch gutters-col-lg-2 gutters-col-md-2 gutters-col-0 gutters-col-v-lg-2 gutters-col-v-md-2 gutters-col-v-2\">\n          <!---->\n          <div class=\"h-column h-column-container d-flex h-col-lg-auto h-col-md-auto h-col-auto style-395-outer style-local-68-c13-outer\">\n            <div data-colibri-id=\"68-c13\" class=\"d-flex h-flex-basis h-column__inner h-px-lg-2 h-px-md-2 h-px-2 v-inner-lg-2 v-inner-md-2 v-inner-2 style-395 style-local-68-c13 position-relative\">\n              <!---->\n              <!---->\n              <div class=\"w-100 h-y-container h-column__content h-column__v-align flex-basis-100 align-self-lg-start align-self-md-start align-self-start\">\n                <!---->\n                <div data-colibri-id=\"68-c14\" class=\"h-global-transition-all h-heading style-397 style-local-68-c14 position-relative h-element\">\n                  <!---->\n                  <div class=\"h-heading__outer style-397 style-local-68-c14\">\n                    <!---->\n                    <!---->\n                    <h3 class=\"\">Konstutblidningar<\/h3>\n                  <\/div>\n                <\/div>\n                <div data-colibri-id=\"68-c15\" class=\"h-text h-text-component style-398 style-local-68-c15 position-relative h-element\">\n                  <!---->\n                  <!---->\n                  <div class=\"\">\n                    <p>2022-2023,Textil hantverksutbildning bas\u00e5r, inriktning v\u00e4v, p\u00e5 Handarbetets v\u00e4nner skola.\n                      <br>2023-2025,H\u00f6gre textil hantverksutbildning. Handarbetets v\u00e4nner skola.<\/p>\n                  <\/div>\n                <\/div>\n              <\/div>\n            <\/div>\n          <\/div>\n          <div class=\"h-column h-column-container d-flex h-col-lg-auto h-col-md-auto h-col-auto style-396-outer style-local-68-c16-outer\">\n            <div data-colibri-id=\"68-c16\" class=\"d-flex h-flex-basis h-column__inner h-px-lg-2 h-px-md-2 h-px-2 v-inner-lg-2 v-inner-md-2 v-inner-2 style-396 style-local-68-c16 position-relative\">\n              <!---->\n              <!---->\n              <div class=\"w-100 h-y-container h-column__content h-column__v-align flex-basis-100 align-self-lg-start align-self-md-start align-self-start\">\n                <!---->\n                <div data-colibri-id=\"68-c17\" class=\"h-global-transition-all h-heading style-399 style-local-68-c17 position-relative h-element\">\n                  <!---->\n                  <div class=\"h-heading__outer style-399 style-local-68-c17\">\n                    <!---->\n                    <!---->\n                    <h3 class=\"\">Ytterligare utbildningar<\/h3>\n                  <\/div>\n                <\/div>\n                <div data-colibri-id=\"68-c18\" class=\"h-text h-text-component style-400 style-local-68-c18 position-relative h-element\">\n                  <!---->\n                  <!---->\n                  <div class=\"\">\n                    <p>2018-2021,H\u00e4rn\u00f6sands gymnasium, naturprogrammet,\n                      <br>2021, Phytonprogramering nyb\u00f6rjarkurs, 7,5 hp, KTH\n                      <br>2023, Mode- och kl\u00e4dhistoria 1850-nutid, 15 hp, G\u00f6teborgs universitet<\/p>\n                  <\/div>\n                <\/div>\n              <\/div>\n            <\/div>\n          <\/div>\n        <\/div>\n      <\/div>\n    <\/div>\n  <\/div>\n  <div data-colibri-component=\"section\" data-colibri-id=\"68-c19\" id=\"kontakt\" class=\"h-section h-section-global-spacing d-flex align-items-lg-center align-items-md-center align-items-center style-449 style-local-68-c19 position-relative\">\n    <!---->\n    <!---->\n    <div class=\"h-section-grid-container h-section-boxed-container\">\n      <!---->\n      <div data-colibri-id=\"68-c20\" class=\"h-row-container gutters-row-lg-0 gutters-row-md-0 gutters-row-2 gutters-row-v-lg-0 gutters-row-v-md-0 gutters-row-v-2 style-450 style-local-68-c20 position-relative\">\n        <!---->\n        <div class=\"h-row justify-content-lg-center justify-content-md-center justify-content-center align-items-lg-stretch align-items-md-stretch align-items-stretch gutters-col-lg-0 gutters-col-md-0 gutters-col-2 gutters-col-v-lg-0 gutters-col-v-md-0 gutters-col-v-2\">\n          <!---->\n          <div class=\"h-column h-column-container d-flex h-col-lg-4 h-col-md-4 h-col-12 style-451-outer style-local-68-c21-outer\">\n            <div data-colibri-id=\"68-c21\" class=\"d-flex h-flex-basis h-column__inner h-px-lg-3 h-px-md-3 h-px-2 v-inner-lg-3 v-inner-md-3 v-inner-2 style-451 style-local-68-c21 position-relative\">\n              <!---->\n              <!---->\n              <div class=\"w-100 h-y-container h-column__content h-column__v-align flex-basis-100 align-self-lg-start align-self-md-start align-self-start\">\n                <!---->\n                <div data-colibri-id=\"68-c22\" class=\"h-icon style-452 style-local-68-c22 position-relative h-element\">\n                  <!----><span class=\"h-svg-icon h-icon__icon style-452-icon style-local-68-c22-icon\"><!--Icon by Icons8 Line Awesome (https:\/\/icons8.com\/line-awesome)--><svg version=\"1.1\" xmlns=\"http:\/\/www.w3.org\/2000\/svg\" xmlns:xlink=\"http:\/\/www.w3.org\/1999\/xlink\" id=\"paper-plane\" viewBox=\"0 0 512 545.5\"><path d=\"M57.5 117.5L86 129l352 144 36.5 15-36.5 15L86 447l-28.5 11.5 7-30 31-140.5-31-140.5zm44.5 53L124.5 272h226zM124.5 304L102 405.5 350.5 304h-226z\"><\/path><\/svg><\/span><\/div>\n                <div\n                  data-colibri-id=\"68-c23\" class=\"h-text h-text-component style-454 style-local-68-c23 position-relative h-element\">\n                  <!---->\n                  <!---->\n                  <div class=\"\">\n                    <p>hej@trasselhelga.se<\/p>\n                  <\/div>\n              <\/div>\n            <\/div>\n          <\/div>\n        <\/div>\n        <div class=\"h-column h-column-container d-flex h-col-lg-4 h-col-md-4 h-col-12 style-451-outer style-local-68-c24-outer\">\n          <div data-colibri-id=\"68-c24\" class=\"d-flex h-flex-basis h-column__inner h-px-lg-3 h-px-md-3 h-px-2 v-inner-lg-3 v-inner-md-3 v-inner-2 style-451 style-local-68-c24 position-relative\">\n            <!---->\n            <!---->\n            <div class=\"w-100 h-y-container h-column__content h-column__v-align flex-basis-100 align-self-lg-start align-self-md-start align-self-start\">\n              <!---->\n              <div data-colibri-id=\"68-c25\" class=\"h-icon style-452 style-local-68-c25 position-relative h-element\">\n                <!----><span class=\"h-svg-icon h-icon__icon style-452-icon style-local-68-c25-icon\"><!--Icon by Font Awesome (https:\/\/fontawesome.com)-->\n    <svg version=\"1.1\" xmlns=\"http:\/\/www.w3.org\/2000\/svg\" xmlns:xlink=\"http:\/\/www.w3.org\/1999\/xlink\" id=\"instagram\" viewBox=\"0 0 1536 1896.0833\">\n      <path d=\"M1024 896q0-106-75-181t-181-75-181 75-75 181 75 181 181 75 181-75 75-181zm138 0q0 164-115 279t-279 115-279-115-115-279 115-279 279-115 279 115 115 279zm108-410q0 38-27 65t-65 27-65-27-27-65 27-65 65-27 65 27 27 65zM768 266q-7 0-76.5-.5t-105.5 0-96.5 3-103 10T315 297q-50 20-88 58t-58 88q-11 29-18.5 71.5t-10 103-3 96.5 0 105.5.5 76.5-.5 76.5 0 105.5 3 96.5 10 103T169 1349q20 50 58 88t88 58q29 11 71.5 18.5t103 10 96.5 3 105.5 0 76.5-.5 76.5.5 105.5 0 96.5-3 103-10 71.5-18.5q50-20 88-58t58-88q11-29 18.5-71.5t10-103 3-96.5 0-105.5-.5-76.5.5-76.5 0-105.5-3-96.5-10-103T1367 443q-20-50-58-88t-88-58q-29-11-71.5-18.5t-103-10-96.5-3-105.5 0-76.5.5zm768 630q0 229-5 317-10 208-124 322t-322 124q-88 5-317 5t-317-5q-208-10-322-124T5 1213q-5-88-5-317t5-317q10-208 124-322t322-124q88-5 317-5t317 5q208 10 322 124t124 322q5 88 5 317z\"><\/path>\n    <\/svg><\/span><\/div>\n              <div data-colibri-id=\"68-c26\" class=\"h-text h-text-component style-454 style-local-68-c26 position-relative h-element\">\n                <!---->\n                <!---->\n                <div class=\"\">\n                  <p>@trasselhelga<\/p>\n                <\/div>\n              <\/div>\n            <\/div>\n          <\/div>\n        <\/div>\n      <\/div>\n    <\/div>\n  <\/div>\n<\/div>\n<\/div>","protected":false},"excerpt":{"rendered":"<p>Grupputst\u00e4llningar 2023, Meter med mera, HV galleri 2023, Handarbetets v\u00e4nner x Taverna Brillo, [&hellip;]<\/p>\n","protected":false},"author":1,"featured_media":0,"parent":0,"menu_order":0,"comment_status":"closed","ping_status":"closed","template":"page-templates\/full-width-page.php","meta":{"footnotes":""},"class_list":["post-68","page","type-page","status-publish","hentry"],"_links":{"self":[{"href":"https:\/\/trasselhelga.se\/index.php\/wp-json\/wp\/v2\/pages\/68","targetHints":{"allow":["GET"]}}],"collection":[{"href":"https:\/\/trasselhelga.se\/index.php\/wp-json\/wp\/v2\/pages"}],"about":[{"href":"https:\/\/trasselhelga.se\/index.php\/wp-json\/wp\/v2\/types\/page"}],"author":[{"embeddable":true,"href":"https:\/\/trasselhelga.se\/index.php\/wp-json\/wp\/v2\/users\/1"}],"replies":[{"embeddable":true,"href":"https:\/\/trasselhelga.se\/index.php\/wp-json\/wp\/v2\/comments?post=68"}],"version-history":[{"count":9,"href":"https:\/\/trasselhelga.se\/index.php\/wp-json\/wp\/v2\/pages\/68\/revisions"}],"predecessor-version":[{"id":458,"href":"https:\/\/trasselhelga.se\/index.php\/wp-json\/wp\/v2\/pages\/68\/revisions\/458"}],"wp:attachment":[{"href":"https:\/\/trasselhelga.se\/index.php\/wp-json\/wp\/v2\/media?parent=68"}],"curies":[{"name":"wp","href":"https:\/\/api.w.org\/{rel}","templated":true}]}}